{"id":6,"date":"2012-04-24T20:01:35","date_gmt":"2012-04-24T20:01:35","guid":{"rendered":"http:\/\/www.avicolaolmo.com\/?page_id=6"},"modified":"2013-08-21T21:24:13","modified_gmt":"2013-08-21T21:24:13","slug":"empresa","status":"publish","type":"page","link":"https:\/\/www.avicolaolmo.com\/","title":{"rendered":"Nuestra Empresa"},"content":{"rendered":"<p style=\"padding-left: 30px;\"><span style=\"font-family: verdana, geneva; font-size: 16px;\"><div class=\"thethe_image_slider white-square-1\" id=\"thethe_image_slider28\" style=\"width:750px;\"><div class=\"thethe_image_slider_inner\" style=\"width:750px; height:400px;\"><div class=\"thethe-image-slider-settings\"><span class=\"width\">750<\/span><span class=\"loop\">true<\/span>\n\t\t\t\t<span class=\"pagginator_type\">thumbnails<\/span>\n\t\t\t\t<span class=\"pagginator_position\">topright<\/span>\n\t\t\t\t<span class=\"height\">400<\/span><span class=\"autoplay\">true<\/span>\n\t\t\t\t<span class=\"autoresize\">false<\/span>\n\t\t\t\t<span class=\"trans-time\">800<\/span><span class=\"skin\">https:\/\/www.avicolaolmo.com\/wp-content\/plugins\/thethe-image-slider\/style\/skins\/white-square-1<\/span>\n\t\t\t<\/div>\n\t\t\t<div class=\"thethe-image-slider-loader\"><div class=\"thethe-image-slider-progress\"><\/div><\/div><ul class=\"thethe-image-slider-slides\"><li>\t<div class=\"thethe-image-slider-slide-settings\">\n\t\t\t\t    \t<span class=\"time\">5000<\/span>\n\t\t\t\t    \t<span class=\"transition\">slideright<\/span>\n\t\t\t\t    \t<span class=\"slide_caption\">false<\/span>\n\t\t\t\t    \t<span class=\"caption-size\">60<\/span>\n\t\t\t\t    \t<span class=\"caption-position\">bottom<\/span>\n\t\t\t\t    \t<span class=\"caption_opacity\">30<\/span>\t\t\t\t\t\t\n\t\t\t\t    \t<span class=\"link\"><\/span>\n\t\t\t    \t<\/div><img decoding=\"async\" src=\"http:\/\/www.avicolaolmo.com\/wp-content\/uploads\/2012\/07\/MERCADO2.jpg\" alt=\"Slide2\" class=\"thethe-image-slider-image\"\/><\/li><li>\t<div class=\"thethe-image-slider-slide-settings\">\n\t\t\t\t    \t<span class=\"time\">5000<\/span>\n\t\t\t\t    \t<span class=\"transition\">slideright<\/span>\n\t\t\t\t    \t<span class=\"slide_caption\">false<\/span>\n\t\t\t\t    \t<span class=\"caption-size\">60<\/span>\n\t\t\t\t    \t<span class=\"caption-position\">bottom<\/span>\n\t\t\t\t    \t<span class=\"caption_opacity\">30<\/span>\t\t\t\t\t\t\n\t\t\t\t    \t<span class=\"link\"><\/span>\n\t\t\t    \t<\/div><img decoding=\"async\" src=\"http:\/\/www.avicolaolmo.com\/wp-content\/uploads\/2012\/07\/Sucursal1.jpg\" alt=\"Slide3\" class=\"thethe-image-slider-image\"\/><\/li><li>\t<div class=\"thethe-image-slider-slide-settings\">\n\t\t\t\t    \t<span class=\"time\">5000<\/span>\n\t\t\t\t    \t<span class=\"transition\">slideright<\/span>\n\t\t\t\t    \t<span class=\"slide_caption\">false<\/span>\n\t\t\t\t    \t<span class=\"caption-size\">60<\/span>\n\t\t\t\t    \t<span class=\"caption-position\">bottom<\/span>\n\t\t\t\t    \t<span class=\"caption_opacity\">30<\/span>\t\t\t\t\t\t\n\t\t\t\t    \t<span class=\"link\"><\/span>\n\t\t\t    \t<\/div><img decoding=\"async\" src=\"http:\/\/www.avicolaolmo.com\/wp-content\/uploads\/2012\/07\/LAVALLE-2.jpg\" alt=\"Slide3\" class=\"thethe-image-slider-image\"\/><\/li><li>\t<div class=\"thethe-image-slider-slide-settings\">\n\t\t\t\t    \t<span class=\"time\">5000<\/span>\n\t\t\t\t    \t<span class=\"transition\">slideright<\/span>\n\t\t\t\t    \t<span class=\"slide_caption\">false<\/span>\n\t\t\t\t    \t<span class=\"caption-size\">60<\/span>\n\t\t\t\t    \t<span class=\"caption-position\">bottom<\/span>\n\t\t\t\t    \t<span class=\"caption_opacity\">30<\/span>\t\t\t\t\t\t\n\t\t\t\t    \t<span class=\"link\"><\/span>\n\t\t\t    \t<\/div><img decoding=\"async\" src=\"http:\/\/www.avicolaolmo.com\/wp-content\/uploads\/2012\/07\/FERIA-GLLEN-MAYORISTA2.jpg\" alt=\"Slide4\" class=\"thethe-image-slider-image\"\/><\/li><\/ul><\/div><div class=\"thethe-image-slider-thumbnails thethe-image-slider-thumbnails-thumbnails thethe-image-slider-thumbnailstopright\"><div class=\"thethe-image-slider-thumbnails-thumb\"><div class=\"thumbnail-img\" style=\"background-image:url(https:\/\/www.avicolaolmo.com\/wp-content\/plugins\/thethe-image-slider\/timthumb.php?w=40&amp;h=40&amp;zc=1&amp;src=http%3A%2F%2Fwww.avicolaolmo.com%2Fwp-content%2Fuploads%2F2012%2F07%2FMERCADO2.jpg)\" >&nbsp;<\/div><\/div><div class=\"thethe-image-slider-thumbnails-thumb\"><div class=\"thumbnail-img\" style=\"background-image:url(https:\/\/www.avicolaolmo.com\/wp-content\/plugins\/thethe-image-slider\/timthumb.php?w=40&amp;h=40&amp;zc=1&amp;src=http%3A%2F%2Fwww.avicolaolmo.com%2Fwp-content%2Fuploads%2F2012%2F07%2FSucursal1.jpg)\" >&nbsp;<\/div><\/div><div class=\"thethe-image-slider-thumbnails-thumb\"><div class=\"thumbnail-img\" style=\"background-image:url(https:\/\/www.avicolaolmo.com\/wp-content\/plugins\/thethe-image-slider\/timthumb.php?w=40&amp;h=40&amp;zc=1&amp;src=http%3A%2F%2Fwww.avicolaolmo.com%2Fwp-content%2Fuploads%2F2012%2F07%2FLAVALLE-2.jpg)\" >&nbsp;<\/div><\/div><div class=\"thethe-image-slider-thumbnails-thumb\"><div class=\"thumbnail-img\" style=\"background-image:url(https:\/\/www.avicolaolmo.com\/wp-content\/plugins\/thethe-image-slider\/timthumb.php?w=40&amp;h=40&amp;zc=1&amp;src=http%3A%2F%2Fwww.avicolaolmo.com%2Fwp-content%2Fuploads%2F2012%2F07%2FFERIA-GLLEN-MAYORISTA2.jpg)\" >&nbsp;<\/div><\/div><\/div><\/div><\/span><\/p>\n<p style=\"padding-left: 30px;\"><span style=\"font-family: verdana, geneva; font-size: 16px;\"><a href=\"http:\/\/www.avicolaolmo.com\/wp-content\/uploads\/2012\/04\/Titulo_empresa1.jpg\"><img loading=\"lazy\" decoding=\"async\" class=\"alignnone size-full wp-image-52\" title=\"Titulo_empresa\" alt=\"\" src=\"http:\/\/www.avicolaolmo.com\/wp-content\/uploads\/2012\/04\/Titulo_empresa1.jpg\" width=\"480\" height=\"55\" srcset=\"https:\/\/www.avicolaolmo.com\/wp-content\/uploads\/2012\/04\/Titulo_empresa1.jpg 480w, https:\/\/www.avicolaolmo.com\/wp-content\/uploads\/2012\/04\/Titulo_empresa1-300x34.jpg 300w\" sizes=\"auto, (max-width: 480px) 100vw, 480px\" \/><\/a><\/span><\/p>\n<p style=\"text-align: justify; padding-left: 30px;\"><span style=\"font-family: verdana, geneva; font-size: 16px;\">Av\u00edcola Olmo es una empresa familiar, 100% mendocina, dedicada a la comercializaci\u00f3n de productos av\u00edcolas.<\/span><br \/>\n<span style=\"font-family: verdana, geneva; font-size: 16px;\"> El comienzo de sus actividades se remonta al a\u00f1o 1.999, por lo que puede hablarse de una empresa joven, pero sumamente competitiva en la industria av\u00edcola, gracias a la excelente calidad que caracteriza a sus productos.<\/span><\/p>\n<p style=\"text-align: justify; padding-left: 30px;\"><span style=\"font-family: verdana, geneva; font-size: 16px;\">Sin embargo, esto no resulta tarea f\u00e1cil para quienes dedican su tiempo y esfuerzo en las instalaciones de la compa\u00f1\u00eda, ya que se siguen estrictas normas de control. De esta manera, se puede garantizar a los clientes, pollos frescos, todos los d\u00edas del a\u00f1o. Asimismo, Av\u00edcola Olmo ha realizado inversiones en maquinarias de \u00faltima tecnolog\u00eda durante los \u00faltimos a\u00f1os, coloc\u00e1ndose en una posici\u00f3n de vanguardia en su \u00e1rea de experiencia, y logrando abastecer a un mayor porcentaje del mercado local.<\/span><\/p>\n<p style=\"text-align: justify; padding-left: 30px;\"><span style=\"font-family: verdana, geneva; font-size: 16px;\">Actualmente, la compa\u00f1\u00eda cuenta con una amplia cadena de distribuci\u00f3n log\u00edstica logrando atender a m\u00e1s del 77% de las localidades mendocinas en forma directa e indirecta.<\/span><\/p>\n<p style=\"padding-left: 30px;\"><span style=\"font-family: verdana, geneva; font-size: 16px;\"><a href=\"http:\/\/www.avicolaolmo.com\/wp-content\/uploads\/2012\/04\/Captura-de-pantalla-2013-08-12-a-las-17.50.52.jpg\"><img loading=\"lazy\" decoding=\"async\" class=\"size-full wp-image-171 aligncenter\" title=\"Captura de pantalla 2013-08-12 a la(s) 17.50.52\" alt=\"\" src=\"http:\/\/www.avicolaolmo.com\/wp-content\/uploads\/2012\/04\/Captura-de-pantalla-2013-08-12-a-las-17.50.52.jpg\" width=\"377\" height=\"468\" srcset=\"https:\/\/www.avicolaolmo.com\/wp-content\/uploads\/2012\/04\/Captura-de-pantalla-2013-08-12-a-las-17.50.52.jpg 377w, https:\/\/www.avicolaolmo.com\/wp-content\/uploads\/2012\/04\/Captura-de-pantalla-2013-08-12-a-las-17.50.52-241x300.jpg 241w\" sizes=\"auto, (max-width: 377px) 100vw, 377px\" \/><\/a><\/span><\/p>\n<p style=\"text-align: justify; padding-left: 30px;\">\n","protected":false},"excerpt":{"rendered":"<p>Av\u00edcola Olmo es una empresa familiar, 100% mendocina, dedicada a la comercializaci\u00f3n de productos av\u00edcolas. El comienzo de sus actividades se remonta al a\u00f1o 1.999, por lo que puede hablarse de una empresa joven, pero sumamente competitiva en la industria av\u00edcola, gracias a la excelente calidad que caracteriza a sus productos. Sin embargo, esto no [&hellip;]<\/p>\n","protected":false},"author":1,"featured_media":0,"parent":0,"menu_order":1,"comment_status":"closed","ping_status":"closed","template":"","meta":{"footnotes":""},"class_list":["post-6","page","type-page","status-publish","hentry"],"_links":{"self":[{"href":"https:\/\/www.avicolaolmo.com\/index.php?rest_route=\/wp\/v2\/pages\/6","targetHints":{"allow":["GET"]}}],"collection":[{"href":"https:\/\/www.avicolaolmo.com\/index.php?rest_route=\/wp\/v2\/pages"}],"about":[{"href":"https:\/\/www.avicolaolmo.com\/index.php?rest_route=\/wp\/v2\/types\/page"}],"author":[{"embeddable":true,"href":"https:\/\/www.avicolaolmo.com\/index.php?rest_route=\/wp\/v2\/users\/1"}],"replies":[{"embeddable":true,"href":"https:\/\/www.avicolaolmo.com\/index.php?rest_route=%2Fwp%2Fv2%2Fcomments&post=6"}],"version-history":[{"count":24,"href":"https:\/\/www.avicolaolmo.com\/index.php?rest_route=\/wp\/v2\/pages\/6\/revisions"}],"predecessor-version":[{"id":29,"href":"https:\/\/www.avicolaolmo.com\/index.php?rest_route=\/wp\/v2\/pages\/6\/revisions\/29"}],"wp:attachment":[{"href":"https:\/\/www.avicolaolmo.com\/index.php?rest_route=%2Fwp%2Fv2%2Fmedia&parent=6"}],"curies":[{"name":"wp","href":"https:\/\/api.w.org\/{rel}","templated":true}]}}